{"id":320,"date":"2024-01-22T12:43:26","date_gmt":"2024-01-22T10:43:26","guid":{"rendered":"https:\/\/www.santorinidoit.gr\/product\/a-medida\/"},"modified":"2024-03-19T08:57:56","modified_gmt":"2024-03-19T06:57:56","slug":"a-medida","status":"publish","type":"product","link":"https:\/\/www.santorinidoit.gr\/es\/excursion\/a-medida\/","title":{"rendered":"A MEDIDA"},"content":{"rendered":"<h2>Descripci\u00f3n<\/h2>\n<p class=\"wpcf7-contact-form-not-found\"><strong>Error:<\/strong> Formulario de contacto no encontrado.<\/p>\n<h3>1.Hot spots, amazing view<\/h3>\n<p>El Faro de Acrotiri, construido por una empresa francesa en 1892, est\u00e1 considerado uoa de las m\u00e1s bellos de las Islas C\u00edcladas y un punto \u00fanico para contemplar la puesta de sol. Situado al borde de un alto acantilado justo encima del mar, su posici\u00f3n es ideal para tomar fotograf\u00edas panor\u00e1micas y admirar la famosa caldera de Santorini desde un punto de vista diferente.<br \/>\nEl punto m\u00e1s alto de la isla (567 metros) se encuentra entre Pyrgos y Kamari. El nombre de la monta\u00f1a es Profitis Ilias (Profeta El\u00edas), proveniente del Monasterio del mismo nombre en su cima. Desde este punto de vista, podr\u00e1 disfrutar de una vista impresionante de toda la isla, desde las llanuras agr\u00edcolas hasta el pueblo de Oia, situado en la cima de una colina.<\/p>\n<p>&nbsp;<\/p>\n<h3>2.Imerovigli, Firostefani<\/h3>\n<p>Imerovigli en Santorini es un pintoresco pueblo situado en la parte centro-oeste de Santorini, a s\u00f3lo 3,5 km del centro de la ciudad de Fira, la capital. De la isla y a s\u00f3lo 1 km del pueblo de Firostefani.<br \/>\nGeogr\u00e1ficamente es una continuaci\u00f3n de Fira y est\u00e1 considerado uno de los balcones m\u00e1s bellos del Egeo. Debido a su ubicaci\u00f3n sobre un acantilado, ofrece a sus hu\u00e9spedes impresionantes vistas al mar, as\u00ed como a la caldera y al volc\u00e1n.<\/p>\n<p>El pueblo de Firostefani est\u00e1 situado en el lado norte de Santorini, en un lugar entre los dos famosos pueblos de Fira e Imerovigli. Oficialmente este lugar se percibe como un pueblo independiente, pero la verdad es diferente. En realidad, este lugar es la extensi\u00f3n de la capital de Santorini, Fira. Debido a que Firostefani est\u00e1 situado en el punto m\u00e1s alto de Fira, el nombre de este asentamiento puede traducirse como la Corona de Fira. En idioma griego Stefani significa corona, por lo tanto es la Corona de Fira.<\/p>\n<p>El pueblo es uno de los lugares m\u00e1s impresionantes de la isla y esta es la raz\u00f3n que explica su creciente popularidad tanto entre los lugare\u00f1os como entre los visitantes. Ofrece impresionantes vistas panor\u00e1micas de la isla y de la caldera. Los visitantes podr\u00e1n encontrar una gran variedad de opciones de alojamiento, restaurantes, bares y muchas otras opciones de ocio y relajaci\u00f3n. Incluso los est\u00e1ndares y necesidades m\u00e1s altos se pueden satisfacer en Firostefani, ya que la isla es un destino famoso e ideal para las celebridades del mundo.<\/p>\n<p>&nbsp;<\/p>\n<h3>3.Santorini escondida (pueblos)<\/h3>\n<p>Pyrgos Kallistis, como es el nombre completo del pueblo, significa la torre m\u00e1s Hermosa y es la antigua capital de la isla y el castillo m\u00e1s nuevo de los Kasteli (ciudades castillo construidas durante los siglos XV y XVI). El aura medieval permanece viva en las calles y a la sombra de los campanarios de las numerosas iglesias del pueblo. Un paseo hasta el pueblo de Pyrgos le acercar\u00e1 a una parte importante de la historia de la isla.<\/p>\n<p>Megaloxori es uno de los pueblos m\u00e1s pintorescos de la isla con casas t\u00edpicas y cl\u00e1sicas de las C\u00edcladas, excavadas en la roca volc\u00e1nica. El paisaje incluye campanarios encalados, cuevas subterr\u00e1neas e iglesias de c\u00fapulas azules. Pasee por los estrechos senderos de este asentamiento no tur\u00edstico, disfrute de su caf\u00e9 griego en la plaza de guijarros e invol\u00facrese en el estilo de vida y la cultura locales.<\/p>\n<p>En el centro de Emporio, se encuentra el castillo mejor conservado de la isla. Fue construido hacia el1450 y era el m\u00e1s \u00abcomercial\u00bb de todos los castillos, ya que all\u00ed funcionaba el mercado de la isla, con mayor tr\u00e1fico de productos. De ah\u00ed el nombre. Pasear por Kastelli, por las calles estrechas con las casas pegadas unas a otras, las peque\u00f1as puertas y ventanas a\u00fan m\u00e1s peque\u00f1as, pintadas en suaves colores tierra, es una costumbre favorita. El castillo, as\u00ed como casi todas las casas de la zona, est\u00e1n habitados.<\/p>\n<p>&nbsp;<\/p>\n<h3>4.Playas volc\u00e1nicas<\/h3>\n<p>La isla de Santorini es un destino destacado, famosa por su actividad volc\u00e1nica y sus extraordinarias playas negras que son un espect\u00e1culo \u00fanico para todos sus visitantes.<\/p>\n<p>La Playa Roja de Santorini es sin duda una de las playas m\u00e1s impresionantes e interesantes de la isla, \u00a1ya que destaca por su color!<\/p>\n<p>&nbsp;<\/p>\n<h3>5.Ciudad prehist\u00f3rica de Akrotiri<\/h3>\n<p>Es uno de los asentamientos prehist\u00f3ricos m\u00e1s importantes del Egeo desde el periodo Neol\u00edtico tard\u00edo (al menos el IV milenio a.C.). Durante la Edad del Bronce Temprano (tercer milenio a.C.), se fund\u00f3 un asentamiento importante y en la Edad del Bronce Medio y principios del Bronce Tard\u00edo (aprox. siglos XX-XVII a.C.) se ampli\u00f3 y desarroll\u00f3 gradualmente hasta convertirse en uno de los principales centros urbanos y puertos del Egeo. La gran extensi\u00f3n del asentamiento (aprox. 20 hect\u00e1reas), el elaborado sistema de drenaje, los sofisticados edificios de varios pisos con magn\u00edficas pinturas murales, muebles y vasijas, muestran su gran desarrollo y prosperidad. Los diversos objetos importados encontrados en los edificios indican la amplia red de sus relaciones exteriores. Akrotiri estaba en contacto con Creta pero tambi\u00e9n se comunicaba con la Grecia continental, el Dodecaneso, Chipre, Siria y Egipto. La vida de la ciudad tuvo un final abrupto en el \u00faltimo cuarto del siglo XVII a.C. cuando los habitantes se vieron obligados a abandonarlo a consecuencia de fuertes terremotos. La erupci\u00f3n sigui\u00f3. Los materiales volc\u00e1nicos cubrieron toda la isla y el propio pueblo. Estos materiales, sin embargo, han protegido hasta la fecha los edificios y su contenido, al igual que en Pompeya.<\/p>\n<p>&nbsp;<\/p>\n<h3>6.F\u00e1brica Industrial de Tomates<\/h3>\n<p>En la playa de Vlychada en Santorini, con impresionantes formaciones rocosas volc\u00e1nicas, el Museo Industrial del Tomate \u201cD. Nomikos\u201d con su caracter\u00edstica chimenea que domina el paisaje lunar, narra historias, no s\u00f3lo sobre la historia empresarial de la familia Nomikos, sino tambi\u00e9n sobre el tiempo, los recuerdos y los habitantes de la isla.<\/p>\n<p>La antigua f\u00e1brica de tomates D. Nomikos en Vlychada se transform\u00f3 en 2014 en un moderno museo industrial para ofrecer a sus visitantes un recuerdo del pasado, siguiendo el procedimiento de cultivo, y producci\u00f3n de tomates. El tomate cherry de Santorini, producto con Denominaci\u00f3n de Origen Protegida (DOP) desde 2006, es uno de los productos m\u00e1s famosos y tradicionales de Santorini.<\/p>\n<p>En el Museo el visitante aprende los m\u00e9todos tradicionales del cultivo seguidos por los productores de tomate de Santorini, la historia de la isla y sus habitantes y descubre sus tradiciones. La exposici\u00f3n del Museo incluye m\u00e1quinas de procesamiento de 1890, antiguos manuscritos de f\u00e1brica, herramientas antiguas, las primeras etiquetas, as\u00ed como material audiovisual con historias grabadas en v\u00eddeo de personas que trabajaban en la f\u00e1brica.<\/p>\n<p>La visita del Museo incluye un audio tour en cinco (5) idiomas, una proyecci\u00f3n de una pel\u00edcula con historias de antiguos trabajadores, una degustaci\u00f3n de pasta de tomate y por \u00faltimo, pero no menos importante, una lata de recuerdo que se cierra en una antigua m\u00e1quina selladora.<\/p>\n<p>&nbsp;<\/p>\n<h3>7.Experiencia Lost Atlantis \u2013 Museo interactivo<\/h3>\n<p>\u00a1Explore el primer museo del mundo dedicado al mito de la Atl\u00e1ntida! Lost Atlantis es una experiencia interactiva digital, para todos los mayores de 6 a\u00f1os. En nuestras nuevas instalaciones podr\u00e1 revivir la destrucci\u00f3n catacl\u00edsmica de la Atl\u00e1ntida con todos sus sentidos en una extraordinaria experiencia 9D, discutir con el antiguo fil\u00f3sofo Plat\u00f3n, explorar el Diorama de la Atl\u00e1ntida m\u00e1s grande del mundo, seguir el viaje de Plat\u00f3n hacia la ciudad ideal a trav\u00e9s de un fresco interactivo y sea testigo de una representaci\u00f3n hologr\u00e1fica de la evoluci\u00f3n geol\u00f3gica de la isla de Santorini desde las edades prehist\u00f3ricas hasta la actualidad. Conozca la historia\u2026 \u00a1Viva el Mito!<\/p>\n<p>&nbsp;<\/p>\n<h3>8.Museo prehist\u00f3rico de Thira<\/h3>\n<p>La exposici\u00f3n est\u00e1 estructurada en cuatro unidades, que hacen referencia a la historia de la investigaci\u00f3n en Thera, la geolog\u00eda de Thera, la historia de la isla desde el Neol\u00edtico tard\u00edo hasta el per\u00edodo Cicl\u00e1dico Tard\u00edo I (principios del siglo XVII a.C.) y el apogeo de la ciudad de Akrotiri ( per\u00edodo maduro de las C\u00edcladas tard\u00edas I, siglo XVII a.C.). En la \u00faltima unidad, en particular, se presentan varios aspectos, como el plano y la arquitectura de la ciudad y su organizaci\u00f3n como centro urbano, el sistema burocr\u00e1tico emergente, el desarrollo del arte monumental de la pintura mural, el arte de la ceramica, las elegantes joyas, las influencias entre la pintura de jarrones y la pintura mural, y la compleja red de contactos de la ciudad y la isla con el mundo exterior.<\/p>\n<p>Las exhibiciones incluyen f\u00f3siles de plantas que florecieron antes de la ocupaci\u00f3n humana de Thera y objetos arqueol\u00f3gicos. Entre las piezas m\u00e1s antiguas se encuentran cer\u00e1mica neol\u00edtica, figurillas de m\u00e1rmol de las C\u00edcladas tempranas, cer\u00e1mica de las C\u00edcladas tempranas, incluidas piezas interesantes de la fase de transici\u00f3n del per\u00edodo Cicl\u00e1dico Tard\u00edo II al per\u00edodo Cicl\u00e1dico Tard\u00edo III (grupo Kastri) de los islotes Cristiana y Akrotiri (3300-2000 a.C.). Cer\u00e1mica de las C\u00edcladas medias con una serie de impresionantes jarras de p\u00e1jaros, muchas de ellas decoradas con golondrinas, de Ftellos, Megalochori y Akrotiri (siglos XX-XVIII a.C.), y artefactos met\u00e1licos de las C\u00edcladas tempranas de los dos \u00faltimos yacimientos.<\/p>\n<p>La exposici\u00f3n pretende esbozar el recorrido de Thera en tiempos prehist\u00f3ricos, a trav\u00e9s de hallazgos seleccionados entre los miles que se encuentran en los almacenes. Este fue un curso din\u00e1mico y creativo que estableci\u00f3 la ciudad de Akrotiri como uno de los centros m\u00e1s importantes del Egeo durante los siglos XVIII y XVII a.C.<\/p>\n<p>&nbsp;<\/p>\n<h3>9.Cata de vinos<\/h3>\n<p>S\u00edganos para degustar los vinos m\u00edticos de la isla.<\/p>\n<p>El terru\u00f1o volc\u00e1nico es \u00fanico y nos regala unos vinos sorprendentes.<\/p>\n<p>Las variedades de vino blanco dominan la isla.<\/p>\n<p>Assyrtiko es la variedad m\u00e1s dominante, seguida de otras dos variedades, Athiri y Aidani.<\/p>\n<p>Las variedades tintas Mandilaria y Mavrotragano cubren aproximadamente el 20% de todos los vi\u00f1edos.<\/p>\n<p>Seleccione la hora de salida de su elecci\u00f3n y disfrute de un viaje enol\u00f3gico memorable.<\/p>\n<p>Visita a una bodega (4 copas de vino).<\/p>\n<p>&nbsp;<\/p>\n<h3>10.Degustaci\u00f3n de cerveza<\/h3>\n<p>Es hora de un viaje a trav\u00e9s de tus papilas gustativas. En esta experiencia aprender\u00e1s todo sobre las cervezas y sus diferencias. Desde frutas tropicales, la brisa salada y un sinf\u00edn de posibilidades m\u00e1s, hasta notas de caramelo salado que le trae a la mente un delicioso postre, las cervezas te ayudar\u00e1n a viajar a trav\u00e9s del sabor. Y, por supuesto, para ayudarle en su viaje, se incluyen deliciosos pinchos para acompa\u00f1ar cada cerveza y disfrutarlass al m\u00e1ximo.<\/p>\n<p>Degustaci\u00f3n de 6 cervezas artesanales, sabrosos pinchos para cada cerveza.<\/p>\n<p>&nbsp;<\/p>\n<h3>11.Nataci\u00f3n y sabores de Grecia en un restaurante junto al mar, almuerzo o cena.<\/h3>\n<p>Nataci\u00f3n, almuerzo en restaurante seleccionado en la playa de arena negra, incluido sombrilla y tumbonas. Pruebe los sabores en la playa negra, una de las playas m\u00e1s famosas de Santorini, en un ambiente tradicional con comida de buena calidad. Le invitamos a un viaje de sabores aut\u00e9nticos de la cocina griega mediterr\u00e1nea y la rica tradici\u00f3n gastron\u00f3mica de Santorini.<\/p>\n<p>MEN\u00da<\/p>\n<p>Bolitas de tomate, fava, ensalada griega, filete de cerdo, postre, una copa de vino y agua.<\/p>\n<p>Si es vegano, vegetariano o si quiere comer algo m\u00e1s por favor cont\u00e1ctenos.<\/p>\n<p>&nbsp;<\/p>\n<p>N\u00famero de ni\u00f1os: 5-11 a\u00f1os<br \/>\nN\u00famero de beb\u00e9s: 0-4 a\u00f1os<br \/>\nEstamos abiertos a discutir cualquier cosa sobre su viaje<\/p>\n<p>&nbsp;<\/p>\n<p><strong>Incluye:<\/strong><br \/>\nAgua fr\u00eda embotellada<br \/>\nGu\u00eda-conductor local<br \/>\nTransporte privado en coche lujoso con aire acondicionado<br \/>\nDesinfectante de manos a base de alcohol<br \/>\nComentarios en vivo<\/p>\n<p>&nbsp;<\/p>\n<p><strong>Exclusiones:<\/strong><br \/>\nPropinas<br \/>\nGastos personales<br \/>\nBilletes de telef\u00e9rico si llega en crucero (6 EUR por persona, por viaje).<br \/>\nEntradas para la ciudad prehist\u00f3rica de Akrotiri (12 EUR y por persona).<br \/>\nEntradas para la F\u00e1brica Industrial de Tomate (10 EUR por persona), ni\u00f1os acompa\u00f1ados hasta 12 a\u00f1os entrada gratuita, entrada reducida 6 \u20ac.<br \/>\nExperiencia Lost Atlantis: entradas al museo interactivo (14 EUR por persona, ni\u00f1os de 7 a 12 a\u00f1os 7 EUR).<br \/>\nEntradas para el museo prehist\u00f3rico de Thira (6 EUR por persona).<\/p>\n<p>&nbsp;<\/p>\n<p>Precios a medida<\/p>\n<p>Una o dos excursiones 3.00\u0384 horas aprox.<\/p>\n<p>1-2 personas 220\u20ac<\/p>\n<p>3-4 personas 260\u20ac<\/p>\n<p>5-6 personas 300\u20ac<\/p>\n<p>Tres excursiones a elegir 4.30\u0384 horas aprox.<\/p>\n<p>1-2 personas 320\u20ac<\/p>\n<p>3-4 personas 370\u20ac<\/p>\n<p>5-6 personas 420\u20ac<\/p>\n<p>Cuatro excursiones a elegir 6.00\u0384 horas aprox.<\/p>\n<p>1-2 personas 380\u20ac<\/p>\n<p>3-4 personas 440\u20ac<\/p>\n<p>5-6 personas 500\u20ac<\/p>\n<p>Cinco excursiones a elegir 7.30\u0384 horas aprox.<\/p>\n<p>1-2 personas 500\u20ac<\/p>\n<p>3-4 personas 580\u20ac<\/p>\n<p>5-6 personas 660\u20ac<\/p>\n<p>Cinco recorridos es m\u00e1ximo<\/p>\n<p>Para las excursiones 9, 10, 11, 30e adicionales por persona<\/p>\n","protected":false},"excerpt":{"rendered":"<p>Comparte con nosotros tus destinos, gustos e intereses favoritos, creando el itinerario ideal. Visita pueblos escondidos, admira vistas \u00fanicas y disfruta de experiencias aut\u00e9nticas. Tu gu\u00eda local y experimentado estar\u00e1 a tu disposici\u00f3n todo el tiempo que desees, llev\u00e1ndote a todos los rincones de la isla. \u00a1Disfruta de lo mejor de Santorini en un recorrido flexible, adaptado a tus preferencias!<\/p>\n","protected":false},"featured_media":259,"template":"","meta":[],"product_brand":[],"product_cat":[41],"product_tag":[],"class_list":{"0":"post-320","1":"product","2":"type-product","3":"status-publish","4":"has-post-thumbnail","6":"product_cat-sin-categoria","8":"first","9":"instock","10":"virtual","11":"sold-individually","12":"taxable","13":"purchasable","14":"product-type-simple"},"yoast_head":"<!-- This site is optimized with the Yoast SEO plugin v26.7 - https:\/\/yoast.com\/wordpress\/plugins\/seo\/ -->\n<title>A MEDIDA - Santorini Do It<\/title>\n<meta name=\"robots\" content=\"index, follow, max-snippet:-1, max-image-preview:large, max-video-preview:-1\" \/>\n<link rel=\"canonical\" href=\"https:\/\/www.santorinidoit.gr\/es\/excursion\/a-medida\/\" \/>\n<meta property=\"og:locale\" content=\"es_ES\" \/>\n<meta property=\"og:type\" content=\"article\" \/>\n<meta property=\"og:title\" content=\"A MEDIDA - Santorini Do It\" \/>\n<meta property=\"og:description\" content=\"Comparte con nosotros tus destinos, gustos e intereses favoritos, creando el itinerario ideal. Visita pueblos escondidos, admira vistas \u00fanicas y disfruta de experiencias aut\u00e9nticas. Tu gu\u00eda local y experimentado estar\u00e1 a tu disposici\u00f3n todo el tiempo que desees, llev\u00e1ndote a todos los rincones de la isla. \u00a1Disfruta de lo mejor de Santorini en un recorrido flexible, adaptado a tus preferencias!\" \/>\n<meta property=\"og:url\" content=\"https:\/\/www.santorinidoit.gr\/es\/excursion\/a-medida\/\" \/>\n<meta property=\"og:site_name\" content=\"Santorini Do It\" \/>\n<meta property=\"article:modified_time\" content=\"2024-03-19T06:57:56+00:00\" \/>\n<meta property=\"og:image\" content=\"https:\/\/www.santorinidoit.gr\/wp-content\/uploads\/2024\/01\/04-TAILOR-MADE.jpg\" \/>\n\t<meta property=\"og:image:width\" content=\"536\" \/>\n\t<meta property=\"og:image:height\" content=\"536\" \/>\n\t<meta property=\"og:image:type\" content=\"image\/jpeg\" \/>\n<meta name=\"twitter:card\" content=\"summary_large_image\" \/>\n<meta name=\"twitter:label1\" content=\"Tiempo de lectura\" \/>\n\t<meta name=\"twitter:data1\" content=\"10 minutos\" \/>\n<script type=\"application\/ld+json\" class=\"yoast-schema-graph\">{\"@context\":\"https:\/\/schema.org\",\"@graph\":[{\"@type\":\"WebPage\",\"@id\":\"https:\/\/www.santorinidoit.gr\/es\/excursion\/a-medida\/\",\"url\":\"https:\/\/www.santorinidoit.gr\/es\/excursion\/a-medida\/\",\"name\":\"A MEDIDA - Santorini Do It\",\"isPartOf\":{\"@id\":\"https:\/\/www.santorinidoit.gr\/es\/#website\"},\"primaryImageOfPage\":{\"@id\":\"https:\/\/www.santorinidoit.gr\/es\/excursion\/a-medida\/#primaryimage\"},\"image\":{\"@id\":\"https:\/\/www.santorinidoit.gr\/es\/excursion\/a-medida\/#primaryimage\"},\"thumbnailUrl\":\"https:\/\/www.santorinidoit.gr\/wp-content\/uploads\/2024\/01\/04-TAILOR-MADE.jpg\",\"datePublished\":\"2024-01-22T10:43:26+00:00\",\"dateModified\":\"2024-03-19T06:57:56+00:00\",\"breadcrumb\":{\"@id\":\"https:\/\/www.santorinidoit.gr\/es\/excursion\/a-medida\/#breadcrumb\"},\"inLanguage\":\"es\",\"potentialAction\":[{\"@type\":\"ReadAction\",\"target\":[\"https:\/\/www.santorinidoit.gr\/es\/excursion\/a-medida\/\"]}]},{\"@type\":\"ImageObject\",\"inLanguage\":\"es\",\"@id\":\"https:\/\/www.santorinidoit.gr\/es\/excursion\/a-medida\/#primaryimage\",\"url\":\"https:\/\/www.santorinidoit.gr\/wp-content\/uploads\/2024\/01\/04-TAILOR-MADE.jpg\",\"contentUrl\":\"https:\/\/www.santorinidoit.gr\/wp-content\/uploads\/2024\/01\/04-TAILOR-MADE.jpg\",\"width\":536,\"height\":536},{\"@type\":\"BreadcrumbList\",\"@id\":\"https:\/\/www.santorinidoit.gr\/es\/excursion\/a-medida\/#breadcrumb\",\"itemListElement\":[{\"@type\":\"ListItem\",\"position\":1,\"name\":\"Home\",\"item\":\"https:\/\/www.santorinidoit.gr\/es\/\"},{\"@type\":\"ListItem\",\"position\":2,\"name\":\"Tienda\",\"item\":\"https:\/\/www.santorinidoit.gr\/es\/tienda\/\"},{\"@type\":\"ListItem\",\"position\":3,\"name\":\"A MEDIDA\"}]},{\"@type\":\"WebSite\",\"@id\":\"https:\/\/www.santorinidoit.gr\/es\/#website\",\"url\":\"https:\/\/www.santorinidoit.gr\/es\/\",\"name\":\"Santorini Do It\",\"description\":\"Travel Agency And Transfer\",\"publisher\":{\"@id\":\"https:\/\/www.santorinidoit.gr\/es\/#organization\"},\"potentialAction\":[{\"@type\":\"SearchAction\",\"target\":{\"@type\":\"EntryPoint\",\"urlTemplate\":\"https:\/\/www.santorinidoit.gr\/es\/?s={search_term_string}\"},\"query-input\":{\"@type\":\"PropertyValueSpecification\",\"valueRequired\":true,\"valueName\":\"search_term_string\"}}],\"inLanguage\":\"es\"},{\"@type\":\"Organization\",\"@id\":\"https:\/\/www.santorinidoit.gr\/es\/#organization\",\"name\":\"Santorini Do It\",\"url\":\"https:\/\/www.santorinidoit.gr\/es\/\",\"logo\":{\"@type\":\"ImageObject\",\"inLanguage\":\"es\",\"@id\":\"https:\/\/www.santorinidoit.gr\/es\/#\/schema\/logo\/image\/\",\"url\":\"https:\/\/www.santorinidoit.gr\/wp-content\/uploads\/2024\/03\/SDI-logo-blue.svg\",\"contentUrl\":\"https:\/\/www.santorinidoit.gr\/wp-content\/uploads\/2024\/03\/SDI-logo-blue.svg\",\"caption\":\"Santorini Do It\"},\"image\":{\"@id\":\"https:\/\/www.santorinidoit.gr\/es\/#\/schema\/logo\/image\/\"}}]}<\/script>\n<!-- \/ Yoast SEO plugin. -->","yoast_head_json":{"title":"A MEDIDA - Santorini Do It","robots":{"index":"index","follow":"follow","max-snippet":"max-snippet:-1","max-image-preview":"max-image-preview:large","max-video-preview":"max-video-preview:-1"},"canonical":"https:\/\/www.santorinidoit.gr\/es\/excursion\/a-medida\/","og_locale":"es_ES","og_type":"article","og_title":"A MEDIDA - Santorini Do It","og_description":"Comparte con nosotros tus destinos, gustos e intereses favoritos, creando el itinerario ideal. Visita pueblos escondidos, admira vistas \u00fanicas y disfruta de experiencias aut\u00e9nticas. Tu gu\u00eda local y experimentado estar\u00e1 a tu disposici\u00f3n todo el tiempo que desees, llev\u00e1ndote a todos los rincones de la isla. \u00a1Disfruta de lo mejor de Santorini en un recorrido flexible, adaptado a tus preferencias!","og_url":"https:\/\/www.santorinidoit.gr\/es\/excursion\/a-medida\/","og_site_name":"Santorini Do It","article_modified_time":"2024-03-19T06:57:56+00:00","og_image":[{"width":536,"height":536,"url":"https:\/\/www.santorinidoit.gr\/wp-content\/uploads\/2024\/01\/04-TAILOR-MADE.jpg","type":"image\/jpeg"}],"twitter_card":"summary_large_image","twitter_misc":{"Tiempo de lectura":"10 minutos"},"schema":{"@context":"https:\/\/schema.org","@graph":[{"@type":"WebPage","@id":"https:\/\/www.santorinidoit.gr\/es\/excursion\/a-medida\/","url":"https:\/\/www.santorinidoit.gr\/es\/excursion\/a-medida\/","name":"A MEDIDA - Santorini Do It","isPartOf":{"@id":"https:\/\/www.santorinidoit.gr\/es\/#website"},"primaryImageOfPage":{"@id":"https:\/\/www.santorinidoit.gr\/es\/excursion\/a-medida\/#primaryimage"},"image":{"@id":"https:\/\/www.santorinidoit.gr\/es\/excursion\/a-medida\/#primaryimage"},"thumbnailUrl":"https:\/\/www.santorinidoit.gr\/wp-content\/uploads\/2024\/01\/04-TAILOR-MADE.jpg","datePublished":"2024-01-22T10:43:26+00:00","dateModified":"2024-03-19T06:57:56+00:00","breadcrumb":{"@id":"https:\/\/www.santorinidoit.gr\/es\/excursion\/a-medida\/#breadcrumb"},"inLanguage":"es","potentialAction":[{"@type":"ReadAction","target":["https:\/\/www.santorinidoit.gr\/es\/excursion\/a-medida\/"]}]},{"@type":"ImageObject","inLanguage":"es","@id":"https:\/\/www.santorinidoit.gr\/es\/excursion\/a-medida\/#primaryimage","url":"https:\/\/www.santorinidoit.gr\/wp-content\/uploads\/2024\/01\/04-TAILOR-MADE.jpg","contentUrl":"https:\/\/www.santorinidoit.gr\/wp-content\/uploads\/2024\/01\/04-TAILOR-MADE.jpg","width":536,"height":536},{"@type":"BreadcrumbList","@id":"https:\/\/www.santorinidoit.gr\/es\/excursion\/a-medida\/#breadcrumb","itemListElement":[{"@type":"ListItem","position":1,"name":"Home","item":"https:\/\/www.santorinidoit.gr\/es\/"},{"@type":"ListItem","position":2,"name":"Tienda","item":"https:\/\/www.santorinidoit.gr\/es\/tienda\/"},{"@type":"ListItem","position":3,"name":"A MEDIDA"}]},{"@type":"WebSite","@id":"https:\/\/www.santorinidoit.gr\/es\/#website","url":"https:\/\/www.santorinidoit.gr\/es\/","name":"Santorini Do It","description":"Travel Agency And Transfer","publisher":{"@id":"https:\/\/www.santorinidoit.gr\/es\/#organization"},"potentialAction":[{"@type":"SearchAction","target":{"@type":"EntryPoint","urlTemplate":"https:\/\/www.santorinidoit.gr\/es\/?s={search_term_string}"},"query-input":{"@type":"PropertyValueSpecification","valueRequired":true,"valueName":"search_term_string"}}],"inLanguage":"es"},{"@type":"Organization","@id":"https:\/\/www.santorinidoit.gr\/es\/#organization","name":"Santorini Do It","url":"https:\/\/www.santorinidoit.gr\/es\/","logo":{"@type":"ImageObject","inLanguage":"es","@id":"https:\/\/www.santorinidoit.gr\/es\/#\/schema\/logo\/image\/","url":"https:\/\/www.santorinidoit.gr\/wp-content\/uploads\/2024\/03\/SDI-logo-blue.svg","contentUrl":"https:\/\/www.santorinidoit.gr\/wp-content\/uploads\/2024\/03\/SDI-logo-blue.svg","caption":"Santorini Do It"},"image":{"@id":"https:\/\/www.santorinidoit.gr\/es\/#\/schema\/logo\/image\/"}}]}},"_links":{"self":[{"href":"https:\/\/www.santorinidoit.gr\/es\/wp-json\/wp\/v2\/product\/320","targetHints":{"allow":["GET"]}}],"collection":[{"href":"https:\/\/www.santorinidoit.gr\/es\/wp-json\/wp\/v2\/product"}],"about":[{"href":"https:\/\/www.santorinidoit.gr\/es\/wp-json\/wp\/v2\/types\/product"}],"wp:featuredmedia":[{"embeddable":true,"href":"https:\/\/www.santorinidoit.gr\/es\/wp-json\/wp\/v2\/media\/259"}],"wp:attachment":[{"href":"https:\/\/www.santorinidoit.gr\/es\/wp-json\/wp\/v2\/media?parent=320"}],"wp:term":[{"taxonomy":"product_brand","embeddable":true,"href":"https:\/\/www.santorinidoit.gr\/es\/wp-json\/wp\/v2\/product_brand?post=320"},{"taxonomy":"product_cat","embeddable":true,"href":"https:\/\/www.santorinidoit.gr\/es\/wp-json\/wp\/v2\/product_cat?post=320"},{"taxonomy":"product_tag","embeddable":true,"href":"https:\/\/www.santorinidoit.gr\/es\/wp-json\/wp\/v2\/product_tag?post=320"}],"curies":[{"name":"wp","href":"https:\/\/api.w.org\/{rel}","templated":true}]}}