{"id":318,"date":"2024-02-01T12:30:14","date_gmt":"2024-02-01T10:30:14","guid":{"rendered":"https:\/\/www.santorinidoit.gr\/product\/enjoy-santorini\/"},"modified":"2024-03-19T08:51:34","modified_gmt":"2024-03-19T06:51:34","slug":"enjoy-santorini","status":"publish","type":"product","link":"https:\/\/www.santorinidoit.gr\/es\/excursion\/enjoy-santorini\/","title":{"rendered":"ENJOY SANTORINI"},"content":{"rendered":"<h2>Descripci\u00f3n<\/h2>\n<h3>1.PROFITIS ILIAS<\/h3>\n<p>El punto m\u00e1s alto de la isla (567 metros) se encuentra entre Pyrgos y Kamari. El nombre de la monta\u00f1a es Profitis Ilias (Profeta El\u00edas), proveniente del Monasterio del mismo nombre en su cima. Desde este punto de vista, podr\u00e1 disfrutar de una vista impresionante de toda la isla, desde las llanuras agr\u00edcolas hasta el pueblo de Oia, situado en la cima de una colina.<\/p>\n<h3>2.PYRGOS<\/h3>\n<p>Pyrgos Kallistis, como el nombre completo del pueblo significa la torre m\u00e1s hermosa, es la antigua capital de la isla y el castillo m\u00e1s nuevo de los Kasteli (ciudades castillo construidas durante los siglos XV y XVI). El aura medieval permanece viva en las calles y a la sombra de los campanarios de las numerosas iglesias del pueblo. Un paseo hasta el pueblo de Pyrgos le acercar\u00e1 a una parte importante de la historia de la isla.<\/p>\n<p>&nbsp;<\/p>\n<h3>3.FIRA<\/h3>\n<p>Dado que est\u00e1 situado a 400 m de altitud en el borde occidental de la caldera, el pueblo se alza sobre un acantilado y ofrece vistas panor\u00e1micas del mar tanto a los lugare\u00f1os como a los visitantes.<br \/>\nLas casas son t\u00edpicamente cicl\u00e1dicas y de forma c\u00fabica, con techos bajos, paredes encaladas y detalles pintados de azul. Aunque la ciudad de Fira est\u00e1 en continua expansi\u00f3n, los lugare\u00f1os han sabido conservar su atm\u00f3sfera pintoresca; incluso los hoteles construidos m\u00e1s recientemente conservan un estilo tradicional, lo que convierte al asentamiento en un ejemplo destacado de la aut\u00e9ntica arquitectura de la isla.<\/p>\n<p>&nbsp;<\/p>\n<h3>4.CATA DE VINOS<\/h3>\n<p>S\u00edganos para degustar los vinos m\u00edticos de la isla. El terroir volc\u00e1nico es \u00fanico y nos regala unos vinos sorprendentes. Las variedades de vino blanco dominan la isla. Assyrtiko es la variedad m\u00e1s dominante, seguida de otras dos variedades, Athiri y Aidani. Las variedades tintas Mandilaria y Mavrotragano cubren aproximadamente el 20% de todos los vi\u00f1edos. Visita una bodega (4 copas de vino).<\/p>\n<p>&nbsp;<\/p>\n<p>Ni\u00f1os: 5-11 a\u00f1os<\/p>\n<p>Beb\u00e9: 0-4 a\u00f1os<\/p>\n<p>Estamos abiertos a discutir cualquier cosa sobre su viaje<\/p>\n<p>&nbsp;<\/p>\n<p><strong>Incluye:<\/strong><br \/>\nAgua fr\u00eda embotellada<br \/>\nGu\u00eda-conductor local<br \/>\nTransporte privado en coche lujoso con aire acondicionado<br \/>\nDesinfectante de manos a base de alcohol<br \/>\nComentarios en vivo<\/p>\n<p>&nbsp;<\/p>\n<p><strong>Exclusiones:<\/strong><br \/>\nPropinas<br \/>\nGastos personales y almuerzo,<br \/>\nBilletes de telef\u00e9rico si llega en crucero (6 EUR por persona, por viaje).<\/p>\n","protected":false},"excerpt":{"rendered":"<p><span class=\"NormalTextRun SCXW133726057 BCX0\" data-ccp-parastyle=\"Normal (Web)\">El punto m\u00e1s alto de la isla (567 metros) <\/span><span class=\"NormalTextRun SCXW133726057 BCX0\" data-ccp-parastyle=\"Normal (Web)\">se encuentra<\/span><span class=\"NormalTextRun SCXW133726057 BCX0\" data-ccp-parastyle=\"Normal (Web)\"> entre <\/span><span class=\"NormalTextRun SpellingErrorV2Themed SCXW133726057 BCX0\" data-ccp-parastyle=\"Normal (Web)\">Pyrgos<\/span><span class=\"NormalTextRun SCXW133726057 BCX0\" data-ccp-parastyle=\"Normal (Web)\"> y Kamari. <\/span><\/p>\n","protected":false},"featured_media":255,"template":"","meta":[],"product_brand":[],"product_cat":[41],"product_tag":[],"class_list":{"0":"post-318","1":"product","2":"type-product","3":"status-publish","4":"has-post-thumbnail","6":"product_cat-sin-categoria","8":"first","9":"instock","10":"virtual","11":"sold-individually","12":"taxable","13":"purchasable","14":"product-type-simple"},"yoast_head":"<!-- This site is optimized with the Yoast SEO plugin v26.7 - https:\/\/yoast.com\/wordpress\/plugins\/seo\/ -->\n<title>ENJOY SANTORINI - Santorini Do It<\/title>\n<meta name=\"robots\" content=\"index, follow, max-snippet:-1, max-image-preview:large, max-video-preview:-1\" \/>\n<link rel=\"canonical\" href=\"https:\/\/www.santorinidoit.gr\/es\/excursion\/enjoy-santorini\/\" \/>\n<meta property=\"og:locale\" content=\"es_ES\" \/>\n<meta property=\"og:type\" content=\"article\" \/>\n<meta property=\"og:title\" content=\"ENJOY SANTORINI - Santorini Do It\" \/>\n<meta property=\"og:description\" content=\"El punto m\u00e1s alto de la isla (567 metros) se encuentra entre Pyrgos y Kamari.\" \/>\n<meta property=\"og:url\" content=\"https:\/\/www.santorinidoit.gr\/es\/excursion\/enjoy-santorini\/\" \/>\n<meta property=\"og:site_name\" content=\"Santorini Do It\" \/>\n<meta property=\"article:modified_time\" content=\"2024-03-19T06:51:34+00:00\" \/>\n<meta property=\"og:image\" content=\"https:\/\/www.santorinidoit.gr\/wp-content\/uploads\/2024\/02\/02-enjoy.jpg\" \/>\n\t<meta property=\"og:image:width\" content=\"536\" \/>\n\t<meta property=\"og:image:height\" content=\"536\" \/>\n\t<meta property=\"og:image:type\" content=\"image\/jpeg\" \/>\n<meta name=\"twitter:card\" content=\"summary_large_image\" \/>\n<meta name=\"twitter:label1\" content=\"Tiempo de lectura\" \/>\n\t<meta name=\"twitter:data1\" content=\"2 minutos\" \/>\n<script type=\"application\/ld+json\" class=\"yoast-schema-graph\">{\"@context\":\"https:\/\/schema.org\",\"@graph\":[{\"@type\":\"WebPage\",\"@id\":\"https:\/\/www.santorinidoit.gr\/es\/excursion\/enjoy-santorini\/\",\"url\":\"https:\/\/www.santorinidoit.gr\/es\/excursion\/enjoy-santorini\/\",\"name\":\"ENJOY SANTORINI - Santorini Do It\",\"isPartOf\":{\"@id\":\"https:\/\/www.santorinidoit.gr\/es\/#website\"},\"primaryImageOfPage\":{\"@id\":\"https:\/\/www.santorinidoit.gr\/es\/excursion\/enjoy-santorini\/#primaryimage\"},\"image\":{\"@id\":\"https:\/\/www.santorinidoit.gr\/es\/excursion\/enjoy-santorini\/#primaryimage\"},\"thumbnailUrl\":\"https:\/\/www.santorinidoit.gr\/wp-content\/uploads\/2024\/02\/02-enjoy.jpg\",\"datePublished\":\"2024-02-01T10:30:14+00:00\",\"dateModified\":\"2024-03-19T06:51:34+00:00\",\"breadcrumb\":{\"@id\":\"https:\/\/www.santorinidoit.gr\/es\/excursion\/enjoy-santorini\/#breadcrumb\"},\"inLanguage\":\"es\",\"potentialAction\":[{\"@type\":\"ReadAction\",\"target\":[\"https:\/\/www.santorinidoit.gr\/es\/excursion\/enjoy-santorini\/\"]}]},{\"@type\":\"ImageObject\",\"inLanguage\":\"es\",\"@id\":\"https:\/\/www.santorinidoit.gr\/es\/excursion\/enjoy-santorini\/#primaryimage\",\"url\":\"https:\/\/www.santorinidoit.gr\/wp-content\/uploads\/2024\/02\/02-enjoy.jpg\",\"contentUrl\":\"https:\/\/www.santorinidoit.gr\/wp-content\/uploads\/2024\/02\/02-enjoy.jpg\",\"width\":536,\"height\":536},{\"@type\":\"BreadcrumbList\",\"@id\":\"https:\/\/www.santorinidoit.gr\/es\/excursion\/enjoy-santorini\/#breadcrumb\",\"itemListElement\":[{\"@type\":\"ListItem\",\"position\":1,\"name\":\"Home\",\"item\":\"https:\/\/www.santorinidoit.gr\/es\/\"},{\"@type\":\"ListItem\",\"position\":2,\"name\":\"Tienda\",\"item\":\"https:\/\/www.santorinidoit.gr\/es\/tienda\/\"},{\"@type\":\"ListItem\",\"position\":3,\"name\":\"ENJOY SANTORINI\"}]},{\"@type\":\"WebSite\",\"@id\":\"https:\/\/www.santorinidoit.gr\/es\/#website\",\"url\":\"https:\/\/www.santorinidoit.gr\/es\/\",\"name\":\"Santorini Do It\",\"description\":\"Travel Agency And Transfer\",\"publisher\":{\"@id\":\"https:\/\/www.santorinidoit.gr\/es\/#organization\"},\"potentialAction\":[{\"@type\":\"SearchAction\",\"target\":{\"@type\":\"EntryPoint\",\"urlTemplate\":\"https:\/\/www.santorinidoit.gr\/es\/?s={search_term_string}\"},\"query-input\":{\"@type\":\"PropertyValueSpecification\",\"valueRequired\":true,\"valueName\":\"search_term_string\"}}],\"inLanguage\":\"es\"},{\"@type\":\"Organization\",\"@id\":\"https:\/\/www.santorinidoit.gr\/es\/#organization\",\"name\":\"Santorini Do It\",\"url\":\"https:\/\/www.santorinidoit.gr\/es\/\",\"logo\":{\"@type\":\"ImageObject\",\"inLanguage\":\"es\",\"@id\":\"https:\/\/www.santorinidoit.gr\/es\/#\/schema\/logo\/image\/\",\"url\":\"https:\/\/www.santorinidoit.gr\/wp-content\/uploads\/2024\/03\/SDI-logo-blue.svg\",\"contentUrl\":\"https:\/\/www.santorinidoit.gr\/wp-content\/uploads\/2024\/03\/SDI-logo-blue.svg\",\"caption\":\"Santorini Do It\"},\"image\":{\"@id\":\"https:\/\/www.santorinidoit.gr\/es\/#\/schema\/logo\/image\/\"}}]}<\/script>\n<!-- \/ Yoast SEO plugin. -->","yoast_head_json":{"title":"ENJOY SANTORINI - Santorini Do It","robots":{"index":"index","follow":"follow","max-snippet":"max-snippet:-1","max-image-preview":"max-image-preview:large","max-video-preview":"max-video-preview:-1"},"canonical":"https:\/\/www.santorinidoit.gr\/es\/excursion\/enjoy-santorini\/","og_locale":"es_ES","og_type":"article","og_title":"ENJOY SANTORINI - Santorini Do It","og_description":"El punto m\u00e1s alto de la isla (567 metros) se encuentra entre Pyrgos y Kamari.","og_url":"https:\/\/www.santorinidoit.gr\/es\/excursion\/enjoy-santorini\/","og_site_name":"Santorini Do It","article_modified_time":"2024-03-19T06:51:34+00:00","og_image":[{"width":536,"height":536,"url":"https:\/\/www.santorinidoit.gr\/wp-content\/uploads\/2024\/02\/02-enjoy.jpg","type":"image\/jpeg"}],"twitter_card":"summary_large_image","twitter_misc":{"Tiempo de lectura":"2 minutos"},"schema":{"@context":"https:\/\/schema.org","@graph":[{"@type":"WebPage","@id":"https:\/\/www.santorinidoit.gr\/es\/excursion\/enjoy-santorini\/","url":"https:\/\/www.santorinidoit.gr\/es\/excursion\/enjoy-santorini\/","name":"ENJOY SANTORINI - Santorini Do It","isPartOf":{"@id":"https:\/\/www.santorinidoit.gr\/es\/#website"},"primaryImageOfPage":{"@id":"https:\/\/www.santorinidoit.gr\/es\/excursion\/enjoy-santorini\/#primaryimage"},"image":{"@id":"https:\/\/www.santorinidoit.gr\/es\/excursion\/enjoy-santorini\/#primaryimage"},"thumbnailUrl":"https:\/\/www.santorinidoit.gr\/wp-content\/uploads\/2024\/02\/02-enjoy.jpg","datePublished":"2024-02-01T10:30:14+00:00","dateModified":"2024-03-19T06:51:34+00:00","breadcrumb":{"@id":"https:\/\/www.santorinidoit.gr\/es\/excursion\/enjoy-santorini\/#breadcrumb"},"inLanguage":"es","potentialAction":[{"@type":"ReadAction","target":["https:\/\/www.santorinidoit.gr\/es\/excursion\/enjoy-santorini\/"]}]},{"@type":"ImageObject","inLanguage":"es","@id":"https:\/\/www.santorinidoit.gr\/es\/excursion\/enjoy-santorini\/#primaryimage","url":"https:\/\/www.santorinidoit.gr\/wp-content\/uploads\/2024\/02\/02-enjoy.jpg","contentUrl":"https:\/\/www.santorinidoit.gr\/wp-content\/uploads\/2024\/02\/02-enjoy.jpg","width":536,"height":536},{"@type":"BreadcrumbList","@id":"https:\/\/www.santorinidoit.gr\/es\/excursion\/enjoy-santorini\/#breadcrumb","itemListElement":[{"@type":"ListItem","position":1,"name":"Home","item":"https:\/\/www.santorinidoit.gr\/es\/"},{"@type":"ListItem","position":2,"name":"Tienda","item":"https:\/\/www.santorinidoit.gr\/es\/tienda\/"},{"@type":"ListItem","position":3,"name":"ENJOY SANTORINI"}]},{"@type":"WebSite","@id":"https:\/\/www.santorinidoit.gr\/es\/#website","url":"https:\/\/www.santorinidoit.gr\/es\/","name":"Santorini Do It","description":"Travel Agency And Transfer","publisher":{"@id":"https:\/\/www.santorinidoit.gr\/es\/#organization"},"potentialAction":[{"@type":"SearchAction","target":{"@type":"EntryPoint","urlTemplate":"https:\/\/www.santorinidoit.gr\/es\/?s={search_term_string}"},"query-input":{"@type":"PropertyValueSpecification","valueRequired":true,"valueName":"search_term_string"}}],"inLanguage":"es"},{"@type":"Organization","@id":"https:\/\/www.santorinidoit.gr\/es\/#organization","name":"Santorini Do It","url":"https:\/\/www.santorinidoit.gr\/es\/","logo":{"@type":"ImageObject","inLanguage":"es","@id":"https:\/\/www.santorinidoit.gr\/es\/#\/schema\/logo\/image\/","url":"https:\/\/www.santorinidoit.gr\/wp-content\/uploads\/2024\/03\/SDI-logo-blue.svg","contentUrl":"https:\/\/www.santorinidoit.gr\/wp-content\/uploads\/2024\/03\/SDI-logo-blue.svg","caption":"Santorini Do It"},"image":{"@id":"https:\/\/www.santorinidoit.gr\/es\/#\/schema\/logo\/image\/"}}]}},"_links":{"self":[{"href":"https:\/\/www.santorinidoit.gr\/es\/wp-json\/wp\/v2\/product\/318","targetHints":{"allow":["GET"]}}],"collection":[{"href":"https:\/\/www.santorinidoit.gr\/es\/wp-json\/wp\/v2\/product"}],"about":[{"href":"https:\/\/www.santorinidoit.gr\/es\/wp-json\/wp\/v2\/types\/product"}],"wp:featuredmedia":[{"embeddable":true,"href":"https:\/\/www.santorinidoit.gr\/es\/wp-json\/wp\/v2\/media\/255"}],"wp:attachment":[{"href":"https:\/\/www.santorinidoit.gr\/es\/wp-json\/wp\/v2\/media?parent=318"}],"wp:term":[{"taxonomy":"product_brand","embeddable":true,"href":"https:\/\/www.santorinidoit.gr\/es\/wp-json\/wp\/v2\/product_brand?post=318"},{"taxonomy":"product_cat","embeddable":true,"href":"https:\/\/www.santorinidoit.gr\/es\/wp-json\/wp\/v2\/product_cat?post=318"},{"taxonomy":"product_tag","embeddable":true,"href":"https:\/\/www.santorinidoit.gr\/es\/wp-json\/wp\/v2\/product_tag?post=318"}],"curies":[{"name":"wp","href":"https:\/\/api.w.org\/{rel}","templated":true}]}}