{"id":317,"date":"2024-02-06T11:20:34","date_gmt":"2024-02-06T09:20:34","guid":{"rendered":"https:\/\/www.santorinidoit.gr\/product\/amazing-oia-and-villages\/"},"modified":"2024-03-19T08:49:11","modified_gmt":"2024-03-19T06:49:11","slug":"amazing-oia-and-villages","status":"publish","type":"product","link":"https:\/\/www.santorinidoit.gr\/es\/excursion\/amazing-oia-and-villages\/","title":{"rendered":"AMAZING OIA AND VILLAGES"},"content":{"rendered":"<h2>Descripci\u00f3n<\/h2>\n<h3>1.OIA<\/h3>\n<p>Dir\u00edjase primero a la parte noroeste de la isla y viva la mejor experiencia de Oia. \u00danico en todos los sentidos con ic\u00f3nicas iglesias de c\u00fapulas azules y senderos panor\u00e1micos. Oia, uno de los lugares m\u00e1s fotografiados de Grecia, est\u00e1 situado en la cima de un impresionante acantilado y ofrece una vista espectacular sobre el volc\u00e1n y el mar Egeo. El famoso castillo veneciano es un hito importante del pueblo. Tambi\u00e9n conocido como el Castillo de San Nicol\u00e1s, el castillo del siglo XV fue construido durante la ocupaci\u00f3n veneciana. Su ubicaci\u00f3n es la raz\u00f3n por la que constituye uno de los lugares m\u00e1s populares para contemplar la puesta de sol en todo el Mar Egeo.<br \/>\nOtras atracciones y lugares de inter\u00e9s culturales incluyen el Museo Mar\u00edtimo con su peque\u00f1a biblioteca, molinos de viento y galer\u00edas de arte fundadas por numerosos artistas que se enamoraron de la zona.<\/p>\n<p>&nbsp;<\/p>\n<h3>2.MEGALOXORI<\/h3>\n<p>Megaloxori es uno de los pueblos m\u00e1s pintorescos de la isla con casas t\u00edpicas y cl\u00e1sicas de las C\u00edcladas, excavadas en la roca volc\u00e1nica. El paisaje incluye campanarios encalados, cuevas subterr\u00e1neas e iglesias de c\u00fapulas azules. Pasee por los estrechos senderos de este asentamiento no tur\u00edstico, disfrute de su caf\u00e9 griego en la plaza de guijarros e invol\u00facrese en el estilo de vida y la cultura locales.<\/p>\n<p>&nbsp;<\/p>\n<h3>3.EMPORIO<\/h3>\n<p>En el centro de Emporio, se encuentra el castillo mejor conservado de la isla. Fue construido hacia el1450 y era el m\u00e1s \u00abcomercial\u00bb de todos los castillos, ya que all\u00ed funcionaba el mercado de la isla, con mayor tr\u00e1fico de productos. De ah\u00ed el nombre. Pasear por Kastelli, por las calles estrechas con las casas pegadas unas a otras, las peque\u00f1as puertas y ventanas a\u00fan m\u00e1s peque\u00f1as, pintadas en suaves colores tierra, es una costumbre favorita. El castillo, as\u00ed como casi todas las casas de la zona, est\u00e1n habitados.<\/p>\n<p>&nbsp;<\/p>\n<h3>4.CATA DE VINOS<\/h3>\n<p>S\u00edganos para degustar los vinos m\u00edticos de la isla. El terroir volc\u00e1nico es \u00fanico y nos regala unos vinos sorprendentes. Las variedades de vino blanco dominan la isla. Assyrtiko es la variedad m\u00e1s dominante, seguida de otras dos variedades, Athiri y Aidani. Las variedades tintas Mandilaria y Mavrotragano cubren aproximadamente el 20% de todos los vi\u00f1edos. Visita una bodega (4 copas de vino).<\/p>\n<p>&nbsp;<\/p>\n<p>Ni\u00f1os: 5-11 a\u00f1os<\/p>\n<p>Beb\u00e9: 0-4 a\u00f1os<\/p>\n<p>Estamos abiertos a discutir cualquier cosa sobre su viaje<\/p>\n<p>&nbsp;<\/p>\n<p><strong>Incluye:<\/strong><br \/>\nAgua fr\u00eda embotellada<br \/>\nGu\u00eda-conductor local<br \/>\nTransporte privado en un autom\u00f3vil de lujo con aire acondicionado<br \/>\nDesinfectante en gel<br \/>\nComentarios en vivo<\/p>\n<p>&nbsp;<\/p>\n<p><strong>Exclusiones:<\/strong><br \/>\nPropinas<br \/>\nGastos personales y almuerzo,<br \/>\nBilletes de telef\u00e9rico si llega en crucero (6 EUR por persona, por viaje).<\/p>\n","protected":false},"excerpt":{"rendered":"<p>\u00danico en todos los sentidos con ic\u00f3nicas iglesias de c\u00fapulas azules y senderos panor\u00e1micos.<\/p>\n","protected":false},"featured_media":253,"template":"","meta":[],"product_brand":[],"product_cat":[41],"product_tag":[],"class_list":{"0":"post-317","1":"product","2":"type-product","3":"status-publish","4":"has-post-thumbnail","6":"product_cat-sin-categoria","8":"first","9":"instock","10":"virtual","11":"sold-individually","12":"taxable","13":"purchasable","14":"product-type-simple"},"yoast_head":"<!-- This site is optimized with the Yoast SEO plugin v26.7 - https:\/\/yoast.com\/wordpress\/plugins\/seo\/ -->\n<title>AMAZING OIA AND VILLAGES - Santorini Do It<\/title>\n<meta name=\"robots\" content=\"index, follow, max-snippet:-1, max-image-preview:large, max-video-preview:-1\" \/>\n<link rel=\"canonical\" href=\"https:\/\/www.santorinidoit.gr\/es\/excursion\/amazing-oia-and-villages\/\" \/>\n<meta property=\"og:locale\" content=\"es_ES\" \/>\n<meta property=\"og:type\" content=\"article\" \/>\n<meta property=\"og:title\" content=\"AMAZING OIA AND VILLAGES - Santorini Do It\" \/>\n<meta property=\"og:description\" content=\"\u00danico en todos los sentidos con ic\u00f3nicas iglesias de c\u00fapulas azules y senderos panor\u00e1micos.\" \/>\n<meta property=\"og:url\" content=\"https:\/\/www.santorinidoit.gr\/es\/excursion\/amazing-oia-and-villages\/\" \/>\n<meta property=\"og:site_name\" content=\"Santorini Do It\" \/>\n<meta property=\"article:modified_time\" content=\"2024-03-19T06:49:11+00:00\" \/>\n<meta property=\"og:image\" content=\"https:\/\/www.santorinidoit.gr\/wp-content\/uploads\/2024\/02\/01-oia.jpg\" \/>\n\t<meta property=\"og:image:width\" content=\"536\" \/>\n\t<meta property=\"og:image:height\" content=\"536\" \/>\n\t<meta property=\"og:image:type\" content=\"image\/jpeg\" \/>\n<meta name=\"twitter:card\" content=\"summary_large_image\" \/>\n<meta name=\"twitter:label1\" content=\"Tiempo de lectura\" \/>\n\t<meta name=\"twitter:data1\" content=\"3 minutos\" \/>\n<script type=\"application\/ld+json\" class=\"yoast-schema-graph\">{\"@context\":\"https:\/\/schema.org\",\"@graph\":[{\"@type\":\"WebPage\",\"@id\":\"https:\/\/www.santorinidoit.gr\/es\/excursion\/amazing-oia-and-villages\/\",\"url\":\"https:\/\/www.santorinidoit.gr\/es\/excursion\/amazing-oia-and-villages\/\",\"name\":\"AMAZING OIA AND VILLAGES - Santorini Do It\",\"isPartOf\":{\"@id\":\"https:\/\/www.santorinidoit.gr\/es\/#website\"},\"primaryImageOfPage\":{\"@id\":\"https:\/\/www.santorinidoit.gr\/es\/excursion\/amazing-oia-and-villages\/#primaryimage\"},\"image\":{\"@id\":\"https:\/\/www.santorinidoit.gr\/es\/excursion\/amazing-oia-and-villages\/#primaryimage\"},\"thumbnailUrl\":\"https:\/\/www.santorinidoit.gr\/wp-content\/uploads\/2024\/02\/01-oia.jpg\",\"datePublished\":\"2024-02-06T09:20:34+00:00\",\"dateModified\":\"2024-03-19T06:49:11+00:00\",\"breadcrumb\":{\"@id\":\"https:\/\/www.santorinidoit.gr\/es\/excursion\/amazing-oia-and-villages\/#breadcrumb\"},\"inLanguage\":\"es\",\"potentialAction\":[{\"@type\":\"ReadAction\",\"target\":[\"https:\/\/www.santorinidoit.gr\/es\/excursion\/amazing-oia-and-villages\/\"]}]},{\"@type\":\"ImageObject\",\"inLanguage\":\"es\",\"@id\":\"https:\/\/www.santorinidoit.gr\/es\/excursion\/amazing-oia-and-villages\/#primaryimage\",\"url\":\"https:\/\/www.santorinidoit.gr\/wp-content\/uploads\/2024\/02\/01-oia.jpg\",\"contentUrl\":\"https:\/\/www.santorinidoit.gr\/wp-content\/uploads\/2024\/02\/01-oia.jpg\",\"width\":536,\"height\":536},{\"@type\":\"BreadcrumbList\",\"@id\":\"https:\/\/www.santorinidoit.gr\/es\/excursion\/amazing-oia-and-villages\/#breadcrumb\",\"itemListElement\":[{\"@type\":\"ListItem\",\"position\":1,\"name\":\"Home\",\"item\":\"https:\/\/www.santorinidoit.gr\/es\/\"},{\"@type\":\"ListItem\",\"position\":2,\"name\":\"Tienda\",\"item\":\"https:\/\/www.santorinidoit.gr\/es\/tienda\/\"},{\"@type\":\"ListItem\",\"position\":3,\"name\":\"AMAZING OIA AND VILLAGES\"}]},{\"@type\":\"WebSite\",\"@id\":\"https:\/\/www.santorinidoit.gr\/es\/#website\",\"url\":\"https:\/\/www.santorinidoit.gr\/es\/\",\"name\":\"Santorini Do It\",\"description\":\"Travel Agency And Transfer\",\"publisher\":{\"@id\":\"https:\/\/www.santorinidoit.gr\/es\/#organization\"},\"potentialAction\":[{\"@type\":\"SearchAction\",\"target\":{\"@type\":\"EntryPoint\",\"urlTemplate\":\"https:\/\/www.santorinidoit.gr\/es\/?s={search_term_string}\"},\"query-input\":{\"@type\":\"PropertyValueSpecification\",\"valueRequired\":true,\"valueName\":\"search_term_string\"}}],\"inLanguage\":\"es\"},{\"@type\":\"Organization\",\"@id\":\"https:\/\/www.santorinidoit.gr\/es\/#organization\",\"name\":\"Santorini Do It\",\"url\":\"https:\/\/www.santorinidoit.gr\/es\/\",\"logo\":{\"@type\":\"ImageObject\",\"inLanguage\":\"es\",\"@id\":\"https:\/\/www.santorinidoit.gr\/es\/#\/schema\/logo\/image\/\",\"url\":\"https:\/\/www.santorinidoit.gr\/wp-content\/uploads\/2024\/03\/SDI-logo-blue.svg\",\"contentUrl\":\"https:\/\/www.santorinidoit.gr\/wp-content\/uploads\/2024\/03\/SDI-logo-blue.svg\",\"caption\":\"Santorini Do It\"},\"image\":{\"@id\":\"https:\/\/www.santorinidoit.gr\/es\/#\/schema\/logo\/image\/\"}}]}<\/script>\n<!-- \/ Yoast SEO plugin. -->","yoast_head_json":{"title":"AMAZING OIA AND VILLAGES - Santorini Do It","robots":{"index":"index","follow":"follow","max-snippet":"max-snippet:-1","max-image-preview":"max-image-preview:large","max-video-preview":"max-video-preview:-1"},"canonical":"https:\/\/www.santorinidoit.gr\/es\/excursion\/amazing-oia-and-villages\/","og_locale":"es_ES","og_type":"article","og_title":"AMAZING OIA AND VILLAGES - Santorini Do It","og_description":"\u00danico en todos los sentidos con ic\u00f3nicas iglesias de c\u00fapulas azules y senderos panor\u00e1micos.","og_url":"https:\/\/www.santorinidoit.gr\/es\/excursion\/amazing-oia-and-villages\/","og_site_name":"Santorini Do It","article_modified_time":"2024-03-19T06:49:11+00:00","og_image":[{"width":536,"height":536,"url":"https:\/\/www.santorinidoit.gr\/wp-content\/uploads\/2024\/02\/01-oia.jpg","type":"image\/jpeg"}],"twitter_card":"summary_large_image","twitter_misc":{"Tiempo de lectura":"3 minutos"},"schema":{"@context":"https:\/\/schema.org","@graph":[{"@type":"WebPage","@id":"https:\/\/www.santorinidoit.gr\/es\/excursion\/amazing-oia-and-villages\/","url":"https:\/\/www.santorinidoit.gr\/es\/excursion\/amazing-oia-and-villages\/","name":"AMAZING OIA AND VILLAGES - Santorini Do It","isPartOf":{"@id":"https:\/\/www.santorinidoit.gr\/es\/#website"},"primaryImageOfPage":{"@id":"https:\/\/www.santorinidoit.gr\/es\/excursion\/amazing-oia-and-villages\/#primaryimage"},"image":{"@id":"https:\/\/www.santorinidoit.gr\/es\/excursion\/amazing-oia-and-villages\/#primaryimage"},"thumbnailUrl":"https:\/\/www.santorinidoit.gr\/wp-content\/uploads\/2024\/02\/01-oia.jpg","datePublished":"2024-02-06T09:20:34+00:00","dateModified":"2024-03-19T06:49:11+00:00","breadcrumb":{"@id":"https:\/\/www.santorinidoit.gr\/es\/excursion\/amazing-oia-and-villages\/#breadcrumb"},"inLanguage":"es","potentialAction":[{"@type":"ReadAction","target":["https:\/\/www.santorinidoit.gr\/es\/excursion\/amazing-oia-and-villages\/"]}]},{"@type":"ImageObject","inLanguage":"es","@id":"https:\/\/www.santorinidoit.gr\/es\/excursion\/amazing-oia-and-villages\/#primaryimage","url":"https:\/\/www.santorinidoit.gr\/wp-content\/uploads\/2024\/02\/01-oia.jpg","contentUrl":"https:\/\/www.santorinidoit.gr\/wp-content\/uploads\/2024\/02\/01-oia.jpg","width":536,"height":536},{"@type":"BreadcrumbList","@id":"https:\/\/www.santorinidoit.gr\/es\/excursion\/amazing-oia-and-villages\/#breadcrumb","itemListElement":[{"@type":"ListItem","position":1,"name":"Home","item":"https:\/\/www.santorinidoit.gr\/es\/"},{"@type":"ListItem","position":2,"name":"Tienda","item":"https:\/\/www.santorinidoit.gr\/es\/tienda\/"},{"@type":"ListItem","position":3,"name":"AMAZING OIA AND VILLAGES"}]},{"@type":"WebSite","@id":"https:\/\/www.santorinidoit.gr\/es\/#website","url":"https:\/\/www.santorinidoit.gr\/es\/","name":"Santorini Do It","description":"Travel Agency And Transfer","publisher":{"@id":"https:\/\/www.santorinidoit.gr\/es\/#organization"},"potentialAction":[{"@type":"SearchAction","target":{"@type":"EntryPoint","urlTemplate":"https:\/\/www.santorinidoit.gr\/es\/?s={search_term_string}"},"query-input":{"@type":"PropertyValueSpecification","valueRequired":true,"valueName":"search_term_string"}}],"inLanguage":"es"},{"@type":"Organization","@id":"https:\/\/www.santorinidoit.gr\/es\/#organization","name":"Santorini Do It","url":"https:\/\/www.santorinidoit.gr\/es\/","logo":{"@type":"ImageObject","inLanguage":"es","@id":"https:\/\/www.santorinidoit.gr\/es\/#\/schema\/logo\/image\/","url":"https:\/\/www.santorinidoit.gr\/wp-content\/uploads\/2024\/03\/SDI-logo-blue.svg","contentUrl":"https:\/\/www.santorinidoit.gr\/wp-content\/uploads\/2024\/03\/SDI-logo-blue.svg","caption":"Santorini Do It"},"image":{"@id":"https:\/\/www.santorinidoit.gr\/es\/#\/schema\/logo\/image\/"}}]}},"_links":{"self":[{"href":"https:\/\/www.santorinidoit.gr\/es\/wp-json\/wp\/v2\/product\/317","targetHints":{"allow":["GET"]}}],"collection":[{"href":"https:\/\/www.santorinidoit.gr\/es\/wp-json\/wp\/v2\/product"}],"about":[{"href":"https:\/\/www.santorinidoit.gr\/es\/wp-json\/wp\/v2\/types\/product"}],"wp:featuredmedia":[{"embeddable":true,"href":"https:\/\/www.santorinidoit.gr\/es\/wp-json\/wp\/v2\/media\/253"}],"wp:attachment":[{"href":"https:\/\/www.santorinidoit.gr\/es\/wp-json\/wp\/v2\/media?parent=317"}],"wp:term":[{"taxonomy":"product_brand","embeddable":true,"href":"https:\/\/www.santorinidoit.gr\/es\/wp-json\/wp\/v2\/product_brand?post=317"},{"taxonomy":"product_cat","embeddable":true,"href":"https:\/\/www.santorinidoit.gr\/es\/wp-json\/wp\/v2\/product_cat?post=317"},{"taxonomy":"product_tag","embeddable":true,"href":"https:\/\/www.santorinidoit.gr\/es\/wp-json\/wp\/v2\/product_tag?post=317"}],"curies":[{"name":"wp","href":"https:\/\/api.w.org\/{rel}","templated":true}]}}